{"id":495,"date":"2026-01-12T09:41:56","date_gmt":"2026-01-12T08:41:56","guid":{"rendered":"http:\/\/www.birostudios.com\/hosted\/arldt\/?page_id=495"},"modified":"2026-01-16T18:24:09","modified_gmt":"2026-01-16T17:24:09","slug":"news","status":"publish","type":"page","link":"https:\/\/www.amsterdamredlightdistricttour.com\/fr\/news\/","title":{"rendered":"News &#038; Tips"},"content":{"rendered":"<h2>Actualit\u00e9s et conseils sur le quartier rouge d'Amsterdam<\/h2>\n<p>Visitez notre site pour d\u00e9couvrir des conseils de voyage exceptionnels, des actualit\u00e9s de derni\u00e8re minute, des interviews, des vid\u00e9os et des articles \u00e0 la une. Nous vous proposons des informations fiables sur le Quartier Rouge, ainsi que des informations g\u00e9n\u00e9rales sur Amsterdam et le reste des Pays-Bas.<\/p>","protected":false},"excerpt":{"rendered":"<p>Amsterdam Red Light District News &amp; Tips Visit our site for amazing travel tips, breaking news, interviews, videos and top stories. We provide trusted Red Light District news as well as general news from Amsterdam and the rest of the Netherlands.<\/p>","protected":false},"author":1,"featured_media":0,"parent":0,"menu_order":0,"comment_status":"open","ping_status":"closed","template":"news.php","meta":{"_acf_changed":false,"_uag_custom_page_level_css":"","_monsterinsights_skip_tracking":false,"_monsterinsights_sitenote_active":false,"_monsterinsights_sitenote_note":"","_monsterinsights_sitenote_category":0,"footnotes":""},"class_list":["post-495","page","type-page","status-publish","hentry"],"acf":[],"yoast_head":"<!-- This site is optimized with the Yoast SEO plugin v27.5 - https:\/\/yoast.com\/product\/yoast-seo-wordpress\/ -->\n<title>Amsterdam Red Light District News &amp; Blog in 2026<\/title>\n<meta name=\"description\" content=\"Travel tips, news, interviews, videos, photos and local news from the Netherlands. We provide trusted Amsterdam Red Light District news.\" \/>\n<meta name=\"robots\" content=\"index, follow, max-snippet:-1, max-image-preview:large, max-video-preview:-1\" \/>\n<link rel=\"canonical\" href=\"https:\/\/www.amsterdamredlightdistricttour.com\/fr\/news\/\" \/>\n<meta property=\"og:locale\" content=\"fr_FR\" \/>\n<meta property=\"og:type\" content=\"article\" \/>\n<meta property=\"og:title\" content=\"Amsterdam Red Light District News &amp; Blog in 2026\" \/>\n<meta property=\"og:description\" content=\"Discover the best Amsterdam tips from real locals and the latest Amsterdam new from the best experts. Learn more today.\" \/>\n<meta property=\"og:url\" content=\"https:\/\/www.amsterdamredlightdistricttour.com\/fr\/news\/\" \/>\n<meta property=\"og:site_name\" content=\"Amsterdam Red Light District\" \/>\n<meta property=\"article:publisher\" content=\"https:\/\/www.facebook.com\/AmsterdamRedlightDistrictTour\" \/>\n<meta property=\"article:modified_time\" content=\"2026-01-16T17:24:09+00:00\" \/>\n<meta property=\"og:image\" content=\"https:\/\/www.amsterdamredlightdistricttour.com\/wp-content\/uploads\/2021\/05\/FAQ-Amsterdam.jpg\" \/>\n\t<meta property=\"og:image:width\" content=\"1000\" \/>\n\t<meta property=\"og:image:height\" content=\"621\" \/>\n\t<meta property=\"og:image:type\" content=\"image\/jpeg\" \/>\n<meta name=\"twitter:card\" content=\"summary_large_image\" \/>\n<meta name=\"twitter:image\" content=\"https:\/\/www.amsterdamredlightdistricttour.com\/wp-content\/uploads\/2021\/07\/De-Wallen-Amsterdam-Red-Light-District-Night.jpg\" \/>\n<meta name=\"twitter:site\" content=\"@AmsterdamRLDT\" \/>\n<meta name=\"twitter:label1\" content=\"Dur\u00e9e de lecture estim\u00e9e\" \/>\n\t<meta name=\"twitter:data1\" content=\"1 minute\" \/>\n<!-- \/ Yoast SEO plugin. -->","yoast_head_json":{"title":"Amsterdam Red Light District News & Blog in 2026","description":"Travel tips, news, interviews, videos, photos and local news from the Netherlands. We provide trusted Amsterdam Red Light District news.","robots":{"index":"index","follow":"follow","max-snippet":"max-snippet:-1","max-image-preview":"max-image-preview:large","max-video-preview":"max-video-preview:-1"},"canonical":"https:\/\/www.amsterdamredlightdistricttour.com\/fr\/news\/","og_locale":"fr_FR","og_type":"article","og_title":"Amsterdam Red Light District News & Blog in 2026","og_description":"Discover the best Amsterdam tips from real locals and the latest Amsterdam new from the best experts. Learn more today.","og_url":"https:\/\/www.amsterdamredlightdistricttour.com\/fr\/news\/","og_site_name":"Amsterdam Red Light District","article_publisher":"https:\/\/www.facebook.com\/AmsterdamRedlightDistrictTour","article_modified_time":"2026-01-16T17:24:09+00:00","og_image":[{"width":1000,"height":621,"url":"https:\/\/www.amsterdamredlightdistricttour.com\/wp-content\/uploads\/2021\/05\/FAQ-Amsterdam.jpg","type":"image\/jpeg"}],"twitter_card":"summary_large_image","twitter_image":"https:\/\/www.amsterdamredlightdistricttour.com\/wp-content\/uploads\/2021\/07\/De-Wallen-Amsterdam-Red-Light-District-Night.jpg","twitter_site":"@AmsterdamRLDT","twitter_misc":{"Dur\u00e9e de lecture estim\u00e9e":"1 minute"},"schema":{"@context":"https:\/\/schema.org","@graph":[{"@type":"WebPage","@id":"https:\/\/www.amsterdamredlightdistricttour.com\/news\/","url":"https:\/\/www.amsterdamredlightdistricttour.com\/news\/","name":"Amsterdam Red Light District News & Blog in 2026","isPartOf":{"@id":"https:\/\/www.amsterdamredlightdistricttour.com\/nl\/#website"},"datePublished":"2026-01-12T08:41:56+00:00","dateModified":"2026-01-16T17:24:09+00:00","description":"Travel tips, news, interviews, videos, photos and local news from the Netherlands. We provide trusted Amsterdam Red Light District news.","breadcrumb":{"@id":"https:\/\/www.amsterdamredlightdistricttour.com\/news\/#breadcrumb"},"inLanguage":"fr-FR","potentialAction":[{"@type":"ReadAction","target":["https:\/\/www.amsterdamredlightdistricttour.com\/news\/"]}]},{"@type":"BreadcrumbList","@id":"https:\/\/www.amsterdamredlightdistricttour.com\/news\/#breadcrumb","itemListElement":[{"@type":"ListItem","position":1,"name":"Home","item":"https:\/\/www.amsterdamredlightdistricttour.com\/"},{"@type":"ListItem","position":2,"name":"News &#038; Tips"}]},{"@type":"WebSite","@id":"https:\/\/www.amsterdamredlightdistricttour.com\/nl\/#website","url":"https:\/\/www.amsterdamredlightdistricttour.com\/nl\/","name":"Quartier Rouge d'Amsterdam","description":"De Wallen in Amsterdam","publisher":{"@id":"https:\/\/www.amsterdamredlightdistricttour.com\/nl\/#organization"},"potentialAction":[{"@type":"SearchAction","target":{"@type":"EntryPoint","urlTemplate":"https:\/\/www.amsterdamredlightdistricttour.com\/nl\/?s={search_term_string}"},"query-input":{"@type":"PropertyValueSpecification","valueRequired":true,"valueName":"search_term_string"}}],"inLanguage":"fr-FR"},{"@type":"Organization","@id":"https:\/\/www.amsterdamredlightdistricttour.com\/nl\/#organization","name":"Quartier Rouge d'Amsterdam","url":"https:\/\/www.amsterdamredlightdistricttour.com\/nl\/","logo":{"@type":"ImageObject","inLanguage":"fr-FR","@id":"https:\/\/www.amsterdamredlightdistricttour.com\/nl\/#\/schema\/logo\/image\/","url":"https:\/\/www.amsterdamredlightdistricttour.com\/wp-content\/uploads\/2020\/04\/Amsterdam-Red-Light-District-Tours-Logo.jpg","contentUrl":"https:\/\/www.amsterdamredlightdistricttour.com\/wp-content\/uploads\/2020\/04\/Amsterdam-Red-Light-District-Tours-Logo.jpg","width":512,"height":629,"caption":"Amsterdam Red Light District"},"image":{"@id":"https:\/\/www.amsterdamredlightdistricttour.com\/nl\/#\/schema\/logo\/image\/"},"sameAs":["https:\/\/www.facebook.com\/AmsterdamRedlightDistrictTour","https:\/\/x.com\/AmsterdamRLDT","https:\/\/www.instagram.com\/amsterdamredlightdistricttour\/"]}]}},"uagb_featured_image_src":{"full":false,"thumbnail":false,"medium":false,"medium_large":false,"large":false,"1536x1536":false,"2048x2048":false,"trp-custom-language-flag":false},"uagb_author_info":{"display_name":"bill","author_link":"https:\/\/www.amsterdamredlightdistricttour.com\/fr\/author\/bill\/"},"uagb_comment_info":0,"uagb_excerpt":"Amsterdam Red Light District News &amp; Tips Visit our site for amazing travel tips, breaking news, interviews, videos and top stories. We provide trusted Red Light District news as well as general news from Amsterdam and the rest of the Netherlands.","jetpack_shortlink":"https:\/\/wp.me\/P4Pa3X-7Z","jetpack_sharing_enabled":false,"_links":{"self":[{"href":"https:\/\/www.amsterdamredlightdistricttour.com\/fr\/wp-json\/wp\/v2\/pages\/495","targetHints":{"allow":["GET"]}}],"collection":[{"href":"https:\/\/www.amsterdamredlightdistricttour.com\/fr\/wp-json\/wp\/v2\/pages"}],"about":[{"href":"https:\/\/www.amsterdamredlightdistricttour.com\/fr\/wp-json\/wp\/v2\/types\/page"}],"author":[{"embeddable":true,"href":"https:\/\/www.amsterdamredlightdistricttour.com\/fr\/wp-json\/wp\/v2\/users\/1"}],"replies":[{"embeddable":true,"href":"https:\/\/www.amsterdamredlightdistricttour.com\/fr\/wp-json\/wp\/v2\/comments?post=495"}],"version-history":[{"count":21,"href":"https:\/\/www.amsterdamredlightdistricttour.com\/fr\/wp-json\/wp\/v2\/pages\/495\/revisions"}],"predecessor-version":[{"id":29574,"href":"https:\/\/www.amsterdamredlightdistricttour.com\/fr\/wp-json\/wp\/v2\/pages\/495\/revisions\/29574"}],"wp:attachment":[{"href":"https:\/\/www.amsterdamredlightdistricttour.com\/fr\/wp-json\/wp\/v2\/media?parent=495"}],"curies":[{"name":"wp","href":"https:\/\/api.w.org\/{rel}","templated":true}]}}